{"id":3,"date":"2024-12-30T07:50:56","date_gmt":"2024-12-30T10:50:56","guid":{"rendered":"https:\/\/teste.minasbrazil.store\/?page_id=3"},"modified":"2024-12-30T11:51:53","modified_gmt":"2024-12-30T14:51:53","slug":"politica-de-privacidade","status":"publish","type":"page","link":"https:\/\/teste.minasbrazil.store\/en\/politica-de-privacidade\/","title":{"rendered":"Pol\u00edtica de privacidade"},"content":{"rendered":"<h2 class=\"wp-block-heading\">Pol\u00edtica de privacidade<\/h2><hr class=\"wp-block-separator has-alpha-channel-opacity\"\/><p>Ao visitar o site https:\/\/minasbrazil.store\/, voc\u00ea aceita as pr\u00e1ticas descritas nesta pol\u00edtica de privacidade.<\/p><p><strong>Pol\u00edtica&nbsp;de&nbsp;Privacidade: Prote\u00e7\u00e3o aos seus dados<\/strong><\/p><p>Para fazer o seu pedido em nossa loja virtual, \u00e9 necess\u00e1rio cadastrar-se, quando ser\u00e1 fornecido pelo cliente alguns dados pessoais como: Nome Completo, CPF, RG, Data de Nascimento, Endere\u00e7o com CEP para entrega e para cobran\u00e7a, E-mail e Telefone para contato.<\/p><p>O cliente pode optar por n\u00e3o fornecer algumas informa\u00e7\u00f5es, mas \u00e9 prov\u00e1vel que a sua experi\u00eancia de navega\u00e7\u00e3o nas n\u00e3o conte com todos os recursos oferecidos.<\/p><p>As informa\u00e7\u00f5es fornecidas ser\u00e3o armazenadas em um banco de dados reservado e com acesso restrito a alguns funcion\u00e1rios habilitados, de forma a manter e proteger os dados, nos ditames da Lei Federal de n. 13.709\/2018.<\/p><p>Ao cliente, caber\u00e1 o dever de manter essas informa\u00e7\u00f5es corretas e atualizadas, bem como far\u00e1 jus ao direito de cancelar o seu cadastro a qualquer momento atrav\u00e9s das formas abaixo:<\/p><ul class=\"wp-block-list\"><li>Central de Atendimento https:\/\/minasbrazil.store\/ajuda<\/li><\/ul><p>No ato do cadastramento ou preenchimento de seu e-mail no campo \u201cNewsletter\u201d, o cliente opta por receber regularmente informativos e promo\u00e7\u00f5es por e-mail, SMS ou mala direta. O envio de mensagens eletr\u00f4nicas poder\u00e1 ser desativado, solicitando a exclus\u00e3o do seu e-mail do nosso banco de cadastro.<\/p><p>Al\u00e9m dos dados fornecidos pelo pr\u00f3prio cliente, a empresa poder\u00e1 receber informa\u00e7\u00f5es de outras fontes, como mini sites e p\u00e1ginas das redes sociais, cadastros de parceiros ou atrav\u00e9s do cookies, que ser\u00e3o somadas a nossa base de dados. Em hip\u00f3tese alguma, nosso banco de dados ser\u00e1 vendido ou fornecido para terceiros.<\/p><p>Ademais, a Minas Brazil det\u00e9m o direito de alterar sua pol\u00edtica de privacidade a qualquer momento, mediante publica\u00e7\u00e3o da vers\u00e3o atualizada no endere\u00e7o&nbsp;<br><a href=\"https:\/\/mercadodeliverybd.com.br\/\">https:\/\/minasbrazil.store\/<\/a><\/p><p><strong><br>Da utiliza\u00e7\u00e3o dos dados coletados.<\/strong><\/p><p>A seguran\u00e7a e o sigilo das informa\u00e7\u00f5es de nossos clientes s\u00e3o muito importantes para o nosso neg\u00f3cio. Por\u00e9m, a viabilidade de certos servi\u00e7os s\u00f3 ocorre com o compartilhamento de algumas dessas informa\u00e7\u00f5es, o que fazemos com responsabilidade e seguindo todos os par\u00e2metros registrados nessa Pol\u00edtica de Privacidade.<\/p><p>O referido compartilhamento de dados poder\u00e1 ocorrer em tr\u00eas situa\u00e7\u00f5es:<\/p><ul class=\"wp-block-list\"><li>diante da realiza\u00e7\u00e3o de novos neg\u00f3cios jur\u00eddicos de obten\u00e7\u00e3o e fus\u00e3o de novas empresas, quando a pol\u00edtica de privacidade, prote\u00e7\u00e3o e inviolabilidade dos dados ser\u00e1 mantida;<\/li>\n\n<li>para atender a uma determina\u00e7\u00e3o judicial; e<\/li>\n\n<li>mediante autoriza\u00e7\u00e3o expressa do cliente;<\/li><\/ul><p><strong>Mas, porque recolhemos os seus dados?<\/strong><\/p><p>Sempre buscando a otimiza\u00e7\u00e3o de sua experi\u00eancia, a Minas Brazil, ao coletar os seus dados, procura:<\/p><ul class=\"wp-block-list\"><li>conhecer melhor o seu cliente para, assim, oferecer um servi\u00e7o personalizado;<\/li>\n\n<li>realizar o acompanhamento de todas as etapas de seu pedido, envolvendo a autoriza\u00e7\u00e3o de seu pagamento, bem como entrega de seu produto e devolu\u00e7\u00e3o, quando for o caso;<\/li>\n\n<li>evitar a ocorr\u00eancia de fraudes, com foco na seguran\u00e7a dos clientes e das transa\u00e7\u00f5es que estes realizam atrav\u00e9s do site da Minas Brazil;<\/li>\n\n<li>assegurar os direitos do titular os dados, nos moldes da Lei de Prote\u00e7\u00e3o de Dados; e<\/li>\n\n<li>enviar comunica\u00e7\u00f5es e mensagens publicit\u00e1rias acerca de produtos novos e\/ou ofertas especiais.<\/li><\/ul><p><strong>Da utiliza\u00e7\u00e3o dos Cookies.<\/strong><\/p><p>Cookies s\u00e3o identifica\u00e7\u00f5es da intera\u00e7\u00e3o com nosso site ou nossos canais de publica\u00e7\u00e3o, que s\u00e3o transferidas para o equipamento do cliente (computador, tablet ou smartphone) visando reconhec\u00ea-lo na pr\u00f3xima navega\u00e7\u00e3o. Utilizamos cookies para proporcionar uma melhor experi\u00eancia em nosso site e viabilizar recursos personalizados, como recomenda\u00e7\u00f5es de produtos, publicidades e informa\u00e7\u00f5es adicionais de itens de interesse do cliente, por exemplo.<\/p><p>A utiliza\u00e7\u00e3o do cookies est\u00e1 sujeita a sua escolha, podendo o cliente aceitar a instala\u00e7\u00e3o do dispositivo no seu navegador ou bloque\u00e1-la.<\/p><p>Ao bloquear a instala\u00e7\u00e3o do cookies em seu navegador, \u00e9 poss\u00edvel que algumas das sess\u00f5es ou funcionalidades do nosso site n\u00e3o funcionem adequadamente.<\/p>","protected":false},"excerpt":{"rendered":"<p>Pol\u00edtica de privacidade Ao visitar o site https:\/\/minasbrazil.store\/, voc\u00ea aceita as pr\u00e1ticas descritas nesta pol\u00edtica de privacidade. Pol\u00edtica&nbsp;de&nbsp;Privacidade: Prote\u00e7\u00e3o aos seus dados Para fazer o seu pedido em nossa loja virtual, \u00e9 necess\u00e1rio cadastrar-se, quando ser\u00e1 fornecido pelo cliente alguns dados pessoais como: Nome Completo, CPF, RG, Data de Nascimento, Endere\u00e7o com CEP para entrega [&hellip;]<\/p>","protected":false},"author":1,"featured_media":0,"parent":0,"menu_order":0,"comment_status":"closed","ping_status":"open","template":"","meta":{"footnotes":""},"class_list":["post-3","page","type-page","status-publish","hentry"],"_links":{"self":[{"href":"https:\/\/teste.minasbrazil.store\/en\/wp-json\/wp\/v2\/pages\/3","targetHints":{"allow":["GET"]}}],"collection":[{"href":"https:\/\/teste.minasbrazil.store\/en\/wp-json\/wp\/v2\/pages"}],"about":[{"href":"https:\/\/teste.minasbrazil.store\/en\/wp-json\/wp\/v2\/types\/page"}],"author":[{"embeddable":true,"href":"https:\/\/teste.minasbrazil.store\/en\/wp-json\/wp\/v2\/users\/1"}],"replies":[{"embeddable":true,"href":"https:\/\/teste.minasbrazil.store\/en\/wp-json\/wp\/v2\/comments?post=3"}],"version-history":[{"count":1,"href":"https:\/\/teste.minasbrazil.store\/en\/wp-json\/wp\/v2\/pages\/3\/revisions"}],"predecessor-version":[{"id":4067,"href":"https:\/\/teste.minasbrazil.store\/en\/wp-json\/wp\/v2\/pages\/3\/revisions\/4067"}],"wp:attachment":[{"href":"https:\/\/teste.minasbrazil.store\/en\/wp-json\/wp\/v2\/media?parent=3"}],"curies":[{"name":"wp","href":"https:\/\/api.w.org\/{rel}","templated":true}]}}