{"id":3976,"date":"2024-12-30T09:12:10","date_gmt":"2024-12-30T12:12:10","guid":{"rendered":"https:\/\/teste.minasbrazil.store\/?page_id=3976"},"modified":"2024-12-30T11:47:18","modified_gmt":"2024-12-30T14:47:18","slug":"contato","status":"publish","type":"page","link":"https:\/\/teste.minasbrazil.store\/en\/contato\/","title":{"rendered":"Contato"},"content":{"rendered":"<div data-elementor-type=\"wp-page\" data-elementor-id=\"3976\" class=\"elementor elementor-3976\" data-elementor-post-type=\"page\">\n\t\t\t\t<div class=\"elementor-element elementor-element-b726ad4 e-flex e-con-boxed e-con e-parent\" data-id=\"b726ad4\" data-element_type=\"container\">\n\t\t\t\t\t<div class=\"e-con-inner\">\n\t\t<div class=\"elementor-element elementor-element-3b2d6c4 e-con-full e-flex e-con e-child\" data-id=\"3b2d6c4\" data-element_type=\"container\">\n\t\t\t\t<\/div>\n\t\t<div class=\"elementor-element elementor-element-7dc8afe e-con-full e-flex e-con e-child\" data-id=\"7dc8afe\" data-element_type=\"container\">\n\t\t\t\t<div class=\"elementor-element elementor-element-ba0b576 elementor-widget elementor-widget-image\" data-id=\"ba0b576\" data-element_type=\"widget\" data-widget_type=\"image.default\">\n\t\t\t\t<div class=\"elementor-widget-container\">\n\t\t\t\t\t\t\t\t\t\t\t\t\t\t\t<img fetchpriority=\"high\" decoding=\"async\" width=\"1003\" height=\"202\" src=\"https:\/\/teste.minasbrazil.store\/wp-content\/uploads\/2024\/12\/bar_fale-conosco-pt.svg\" class=\"attachment-full size-full wp-image-4039\" alt=\"\" \/>\t\t\t\t\t\t\t\t\t\t\t\t\t\t\t<\/div>\n\t\t\t\t<\/div>\n\t\t\t\t<div class=\"elementor-element elementor-element-e84587d elementor-button-align-stretch elementor-widget elementor-widget-form\" data-id=\"e84587d\" data-element_type=\"widget\" data-settings=\"{&quot;step_next_label&quot;:&quot;Next&quot;,&quot;step_previous_label&quot;:&quot;Previous&quot;,&quot;button_width&quot;:&quot;100&quot;,&quot;step_type&quot;:&quot;number_text&quot;,&quot;step_icon_shape&quot;:&quot;circle&quot;}\" data-widget_type=\"form.default\">\n\t\t\t\t<div class=\"elementor-widget-container\">\n\t\t\t\t\t\t\t<form class=\"elementor-form\" method=\"post\" name=\"CONTATO MINAS BRAZIL\" action=\"\">\n\t\t\t<input type=\"hidden\" name=\"post_id\" value=\"3976\"\/>\n\t\t\t<input type=\"hidden\" name=\"form_id\" value=\"e84587d\"\/>\n\t\t\t<input type=\"hidden\" name=\"referer_title\" value=\"Contato\" \/>\n\n\t\t\t\t\t\t\t<input type=\"hidden\" name=\"queried_id\" value=\"3976\"\/>\n\t\t\t\n\t\t\t<div class=\"elementor-form-fields-wrapper elementor-labels-above\">\n\t\t\t\t\t\t\t\t<div class=\"elementor-field-type-select elementor-field-group elementor-column elementor-field-group-name elementor-col-100 elementor-field-required\">\n\t\t\t\t\t\t\t\t\t\t\t\t<label for=\"form-field-name\" class=\"elementor-field-label\">\n\t\t\t\t\t\t\t\tQue rela\u00e7\u00e3o voc\u00ea tem com a Minas Brazil?\t\t\t\t\t\t\t<\/label>\n\t\t\t\t\t\t\t\t<div class=\"elementor-field elementor-select-wrapper remove-before\">\n\t\t\t<div class=\"select-caret-down-wrapper\">\n\t\t\t\t<svg aria-hidden=\"true\" class=\"e-font-icon-svg e-eicon-caret-down\" viewbox=\"0 0 571.4 571.4\" xmlns=\"http:\/\/www.w3.org\/2000\/svg\"><path d=\"M571 393Q571 407 561 418L311 668Q300 679 286 679T261 668L11 418Q0 407 0 393T11 368 36 357H536Q550 357 561 368T571 393Z\"><\/path><\/svg>\t\t\t<\/div>\n\t\t\t<select name=\"form_fields[name]\" id=\"form-field-name\" class=\"elementor-field-textual elementor-size-md\" required=\"required\" aria-required=\"true\">\n\t\t\t\t\t\t\t\t\t<option value=\"--\">--<\/option>\n\t\t\t\t\t\t\t\t\t<option value=\"Sou Cliente\">Sou Cliente<\/option>\n\t\t\t\t\t\t\t\t\t<option value=\"Sou Fornecedor\">Sou Fornecedor<\/option>\n\t\t\t\t\t\t\t\t\t<option value=\"Sou Entregador\">Sou Entregador<\/option>\n\t\t\t\t\t\t\t\t\t<option value=\"- - - \">- - - <\/option>\n\t\t\t\t\t\t\t\t\t<option value=\"Sou Ag\u00eancia\">Sou Ag\u00eancia<\/option>\n\t\t\t\t\t\t\t\t\t<option value=\"Sou Imprensa\">Sou Imprensa<\/option>\n\t\t\t\t\t\t\t\t\t<option value=\"Sou Influencer\">Sou Influencer<\/option>\n\t\t\t\t\t\t\t\t\t<option value=\"Sou Colaborador\">Sou Colaborador<\/option>\n\t\t\t\t\t\t\t<\/select>\n\t\t<\/div>\n\t\t\t\t\t\t<\/div>\n\t\t\t\t\t\t\t\t<div class=\"elementor-field-type-text elementor-field-group elementor-column elementor-field-group-field_8ba53c9 elementor-col-100 elementor-field-required\">\n\t\t\t\t\t\t\t\t\t\t\t\t<label for=\"form-field-field_8ba53c9\" class=\"elementor-field-label\">\n\t\t\t\t\t\t\t\tQual seu nome e sobre nome?\t\t\t\t\t\t\t<\/label>\n\t\t\t\t\t\t\t\t\t\t\t\t\t\t<input size=\"1\" type=\"text\" name=\"form_fields[field_8ba53c9]\" id=\"form-field-field_8ba53c9\" class=\"elementor-field elementor-size-md  elementor-field-textual\" placeholder=\"Nome\" required=\"required\" aria-required=\"true\">\n\t\t\t\t\t\t\t\t\t\t\t<\/div>\n\t\t\t\t\t\t\t\t<div class=\"elementor-field-type-email elementor-field-group elementor-column elementor-field-group-field_2210fef elementor-col-100 elementor-field-required\">\n\t\t\t\t\t\t\t\t\t\t\t\t<label for=\"form-field-field_2210fef\" class=\"elementor-field-label\">\n\t\t\t\t\t\t\t\tQual \u00e9 o seu email cadastrado na Minas Brazil?\t\t\t\t\t\t\t<\/label>\n\t\t\t\t\t\t\t\t\t\t\t\t\t\t<input size=\"1\" type=\"email\" name=\"form_fields[field_2210fef]\" id=\"form-field-field_2210fef\" class=\"elementor-field elementor-size-md  elementor-field-textual\" placeholder=\"Email\" required=\"required\" aria-required=\"true\">\n\t\t\t\t\t\t\t\t\t\t\t<\/div>\n\t\t\t\t\t\t\t\t<div class=\"elementor-field-type-tel elementor-field-group elementor-column elementor-field-group-email elementor-col-100 elementor-field-required\">\n\t\t\t\t\t\t\t\t\t\t\t\t<label for=\"form-field-email\" class=\"elementor-field-label\">\n\t\t\t\t\t\t\t\tQual \u00e9 o seu n\u00famero de telefone registrado na Minas Brazil?\t\t\t\t\t\t\t<\/label>\n\t\t\t\t\t\t\t\t<input size=\"1\" type=\"tel\" name=\"form_fields[email]\" id=\"form-field-email\" class=\"elementor-field elementor-size-md  elementor-field-textual\" placeholder=\"Telefone\" required=\"required\" aria-required=\"true\" pattern=\"[0-9()#&amp;+*-=.]+\" title=\"Only numbers and phone characters (#, -, *, etc) are accepted.\">\n\n\t\t\t\t\t\t<\/div>\n\t\t\t\t\t\t\t\t<div class=\"elementor-field-type-text elementor-field-group elementor-column elementor-field-group-field_ec9bee3 elementor-col-100 elementor-field-required\">\n\t\t\t\t\t\t\t\t\t\t\t\t<label for=\"form-field-field_ec9bee3\" class=\"elementor-field-label\">\n\t\t\t\t\t\t\t\tCidade \t\t\t\t\t\t\t<\/label>\n\t\t\t\t\t\t\t\t\t\t\t\t\t\t<input size=\"1\" type=\"text\" name=\"form_fields[field_ec9bee3]\" id=\"form-field-field_ec9bee3\" class=\"elementor-field elementor-size-md  elementor-field-textual\" placeholder=\"Cidade \" required=\"required\" aria-required=\"true\">\n\t\t\t\t\t\t\t\t\t\t\t<\/div>\n\t\t\t\t\t\t\t\t<div class=\"elementor-field-type-select elementor-field-group elementor-column elementor-field-group-field_bf086bc elementor-col-100 elementor-field-required\">\n\t\t\t\t\t\t\t\t\t\t\t\t<label for=\"form-field-field_bf086bc\" class=\"elementor-field-label\">\n\t\t\t\t\t\t\t\tEstado\t\t\t\t\t\t\t<\/label>\n\t\t\t\t\t\t\t\t<div class=\"elementor-field elementor-select-wrapper remove-before\">\n\t\t\t<div class=\"select-caret-down-wrapper\">\n\t\t\t\t<svg aria-hidden=\"true\" class=\"e-font-icon-svg e-eicon-caret-down\" viewbox=\"0 0 571.4 571.4\" xmlns=\"http:\/\/www.w3.org\/2000\/svg\"><path d=\"M571 393Q571 407 561 418L311 668Q300 679 286 679T261 668L11 418Q0 407 0 393T11 368 36 357H536Q550 357 561 368T571 393Z\"><\/path><\/svg>\t\t\t<\/div>\n\t\t\t<select name=\"form_fields[field_bf086bc]\" id=\"form-field-field_bf086bc\" class=\"elementor-field-textual elementor-size-md\" required=\"required\" aria-required=\"true\">\n\t\t\t\t\t\t\t\t\t<option value=\"Selecione o Estado\">Selecione o Estado<\/option>\n\t\t\t\t\t\t\t\t\t<option value=\"Acre - AC\">Acre - AC<\/option>\n\t\t\t\t\t\t\t\t\t<option value=\"Alagoas - AL\">Alagoas - AL<\/option>\n\t\t\t\t\t\t\t\t\t<option value=\"Amap\u00e1 - AP\">Amap\u00e1 - AP<\/option>\n\t\t\t\t\t\t\t\t\t<option value=\"Amazonas - AM\">Amazonas - AM<\/option>\n\t\t\t\t\t\t\t\t\t<option value=\"Bahia - BA\">Bahia - BA<\/option>\n\t\t\t\t\t\t\t\t\t<option value=\"Cear\u00e1 - CE\">Cear\u00e1 - CE<\/option>\n\t\t\t\t\t\t\t\t\t<option value=\"Distrito Federal - DF\">Distrito Federal - DF<\/option>\n\t\t\t\t\t\t\t\t\t<option value=\"Esp\u00edrito Santo - ES\">Esp\u00edrito Santo - ES<\/option>\n\t\t\t\t\t\t\t\t\t<option value=\"Goi\u00e1s - GO\">Goi\u00e1s - GO<\/option>\n\t\t\t\t\t\t\t\t\t<option value=\"Maranh\u00e3o - MA\">Maranh\u00e3o - MA<\/option>\n\t\t\t\t\t\t\t\t\t<option value=\"Mato Grosso - MT\">Mato Grosso - MT<\/option>\n\t\t\t\t\t\t\t\t\t<option value=\"Mato Grosso do Sul - MS\">Mato Grosso do Sul - MS<\/option>\n\t\t\t\t\t\t\t\t\t<option value=\"Minas Gerais - MG\">Minas Gerais - MG<\/option>\n\t\t\t\t\t\t\t\t\t<option value=\"Par\u00e1 - PA\">Par\u00e1 - PA<\/option>\n\t\t\t\t\t\t\t\t\t<option value=\"Para\u00edba\">Para\u00edba<\/option>\n\t\t\t\t\t\t\t\t\t<option value=\"Paran\u00e1 - PR\">Paran\u00e1 - PR<\/option>\n\t\t\t\t\t\t\t\t\t<option value=\"Pernambuco - PE\">Pernambuco - PE<\/option>\n\t\t\t\t\t\t\t\t\t<option value=\"Piau\u00ed - PI\">Piau\u00ed - PI<\/option>\n\t\t\t\t\t\t\t\t\t<option value=\"Rio de Janeiro - RJ\">Rio de Janeiro - RJ<\/option>\n\t\t\t\t\t\t\t\t\t<option value=\"Rio Grande do Norte - RN\">Rio Grande do Norte - RN<\/option>\n\t\t\t\t\t\t\t\t\t<option value=\"Rio Grande do Sul - RS\">Rio Grande do Sul - RS<\/option>\n\t\t\t\t\t\t\t\t\t<option value=\"Rond\u00f4nia - RO\">Rond\u00f4nia - RO<\/option>\n\t\t\t\t\t\t\t\t\t<option value=\"Roraima - RR\">Roraima - RR<\/option>\n\t\t\t\t\t\t\t\t\t<option value=\"Santa Catarina - SC\">Santa Catarina - SC<\/option>\n\t\t\t\t\t\t\t\t\t<option value=\"S\u00e3o Paulo - SP\">S\u00e3o Paulo - SP<\/option>\n\t\t\t\t\t\t\t\t\t<option value=\"Sergipe - SE\">Sergipe - SE<\/option>\n\t\t\t\t\t\t\t\t\t<option value=\"Tocantins - TO\">Tocantins - TO<\/option>\n\t\t\t\t\t\t\t\t\t<option value=\"\"><\/option>\n\t\t\t\t\t\t\t<\/select>\n\t\t<\/div>\n\t\t\t\t\t\t<\/div>\n\t\t\t\t\t\t\t\t<div class=\"elementor-field-type-textarea elementor-field-group elementor-column elementor-field-group-message elementor-col-100 elementor-field-required\">\n\t\t\t\t\t\t\t\t\t\t\t\t<label for=\"form-field-message\" class=\"elementor-field-label\">\n\t\t\t\t\t\t\t\tDiga-nos como podemos ajud\u00e1-lo.\t\t\t\t\t\t\t<\/label>\n\t\t\t\t\t\t<textarea class=\"elementor-field-textual elementor-field  elementor-size-md\" name=\"form_fields[message]\" id=\"form-field-message\" rows=\"4\" placeholder=\"Observa\u00e7\u00f5es\" required=\"required\" aria-required=\"true\"><\/textarea>\t\t\t\t<\/div>\n\t\t\t\t\t\t\t\t<div class=\"elementor-field-type-upload elementor-field-group elementor-column elementor-field-group-field_b46ef06 elementor-col-100\">\n\t\t\t\t\t\t\t\t\t\t\t\t<label for=\"form-field-field_b46ef06\" class=\"elementor-field-label\">\n\t\t\t\t\t\t\t\tEnviar arquivo: ( opcional )\t\t\t\t\t\t\t<\/label>\n\t\t\t\t\t\t\t\t<input type=\"file\" name=\"form_fields[field_b46ef06]\" id=\"form-field-field_b46ef06\" class=\"elementor-field elementor-size-md  elementor-upload-field\">\n\n\t\t\t\t\t\t<\/div>\n\t\t\t\t\t\t\t\t<div class=\"elementor-field-group elementor-column elementor-field-type-submit elementor-col-100 e-form__buttons\">\n\t\t\t\t\t<button class=\"elementor-button elementor-size-sm\" type=\"submit\">\n\t\t\t\t\t\t<span class=\"elementor-button-content-wrapper\">\n\t\t\t\t\t\t\t\t\t\t\t\t\t\t\t<span class=\"elementor-button-icon\">\n\t\t\t\t\t\t\t\t\t<i class=\"fa fa-envelope\" aria-hidden=\"true\"><\/i>\t\t\t\t\t\t\t\t\t\t\t\t\t\t\t\t\t<\/span>\n\t\t\t\t\t\t\t\t\t\t\t\t\t\t\t\t\t\t\t\t\t\t<span class=\"elementor-button-text\">Enviar<\/span>\n\t\t\t\t\t\t\t\t\t\t\t\t\t<\/span>\n\t\t\t\t\t<\/button>\n\t\t\t\t<\/div>\n\t\t\t<\/div>\n\t\t<input type=\"hidden\" name=\"trp-form-language\" value=\"en\"\/><\/form>\n\t\t\t\t\t\t<\/div>\n\t\t\t\t<\/div>\n\t\t\t\t<\/div>\n\t\t<div class=\"elementor-element elementor-element-6d0c205 e-con-full e-flex e-con e-child\" data-id=\"6d0c205\" data-element_type=\"container\">\n\t\t\t\t<\/div>\n\t\t\t\t\t<\/div>\n\t\t\t\t<\/div>\n\t\t<div class=\"elementor-element elementor-element-65889c09 e-flex e-con-boxed e-con e-parent\" data-id=\"65889c09\" data-element_type=\"container\">\n\t\t\t\t\t<div class=\"e-con-inner\">\n\t\t\t\t<div class=\"elementor-element elementor-element-3ef7a2a elementor-widget elementor-widget-heading\" data-id=\"3ef7a2a\" data-element_type=\"widget\" data-widget_type=\"heading.default\">\n\t\t\t\t<div class=\"elementor-widget-container\">\n\t\t\t\t\t<h2 class=\"elementor-heading-title elementor-size-default\">Onde Estamos<\/h2>\t\t\t\t<\/div>\n\t\t\t\t<\/div>\n\t\t\t\t\t<\/div>\n\t\t\t\t<\/div>\n\t\t<div class=\"elementor-element elementor-element-7908e2a7 e-flex e-con-boxed e-con e-parent\" data-id=\"7908e2a7\" data-element_type=\"container\">\n\t\t\t\t\t<div class=\"e-con-inner\">\n\t\t\t\t<div class=\"elementor-element elementor-element-5ccc752 elementor-widget elementor-widget-google_maps\" data-id=\"5ccc752\" data-element_type=\"widget\" data-widget_type=\"google_maps.default\">\n\t\t\t\t<div class=\"elementor-widget-container\">\n\t\t\t\t\t\t\t<div class=\"elementor-custom-embed\">\n\t\t\t<iframe loading=\"lazy\"\n\t\t\t\t\tsrc=\"https:\/\/maps.google.com\/maps?q=1151%20Liberty%20Ave%2C%20Hillside%2C%20New%20Jersey%2C%20United%20States%2007205&#038;t=m&#038;z=16&#038;output=embed&#038;iwloc=near\"\n\t\t\t\t\ttitle=\"1151 Liberty Ave, Hillside, New Jersey, United States 07205\"\n\t\t\t\t\taria-label=\"1151 Liberty Ave, Hillside, New Jersey, United States 07205\"\n\t\t\t><\/iframe>\n\t\t<\/div>\n\t\t\t\t\t\t<\/div>\n\t\t\t\t<\/div>\n\t\t\t\t\t<\/div>\n\t\t\t\t<\/div>\n\t\t\t\t<\/div>","protected":false},"excerpt":{"rendered":"<p>Onde Estamos<\/p>","protected":false},"author":1,"featured_media":0,"parent":0,"menu_order":0,"comment_status":"closed","ping_status":"closed","template":"","meta":{"footnotes":""},"class_list":["post-3976","page","type-page","status-publish","hentry"],"_links":{"self":[{"href":"https:\/\/teste.minasbrazil.store\/en\/wp-json\/wp\/v2\/pages\/3976","targetHints":{"allow":["GET"]}}],"collection":[{"href":"https:\/\/teste.minasbrazil.store\/en\/wp-json\/wp\/v2\/pages"}],"about":[{"href":"https:\/\/teste.minasbrazil.store\/en\/wp-json\/wp\/v2\/types\/page"}],"author":[{"embeddable":true,"href":"https:\/\/teste.minasbrazil.store\/en\/wp-json\/wp\/v2\/users\/1"}],"replies":[{"embeddable":true,"href":"https:\/\/teste.minasbrazil.store\/en\/wp-json\/wp\/v2\/comments?post=3976"}],"version-history":[{"count":22,"href":"https:\/\/teste.minasbrazil.store\/en\/wp-json\/wp\/v2\/pages\/3976\/revisions"}],"predecessor-version":[{"id":4066,"href":"https:\/\/teste.minasbrazil.store\/en\/wp-json\/wp\/v2\/pages\/3976\/revisions\/4066"}],"wp:attachment":[{"href":"https:\/\/teste.minasbrazil.store\/en\/wp-json\/wp\/v2\/media?parent=3976"}],"curies":[{"name":"wp","href":"https:\/\/api.w.org\/{rel}","templated":true}]}}