{"id":4136,"date":"2024-12-30T15:12:06","date_gmt":"2024-12-30T18:12:06","guid":{"rendered":"https:\/\/teste.minasbrazil.store\/?post_type=product&#038;p=4136"},"modified":"2024-12-30T15:12:10","modified_gmt":"2024-12-30T18:12:10","slug":"tonico-poderoso-by-gold-spell","status":"publish","type":"product","link":"https:\/\/teste.minasbrazil.store\/en\/product\/tonico-poderoso-by-gold-spell\/","title":{"rendered":"T\u00f4nico Poderoso By Gold Spell"},"content":{"rendered":"<p>CRESCIMENTO ACELERADO, FORTE E SAUD\u00c1VEL!<\/p>\n<p>Seu cabelo est\u00e1 fraco? N\u00e3o cresce? Est\u00e1 caindo al\u00e9m do normal? Ent\u00e3o voc\u00ea precisa do T\u00f4nico Poderoso! Com ele voc\u00ea vai ter seu cabelo crescendo r\u00e1pido, forte e saud\u00e1vel!<\/p>\n<p>UM POUCO MAIS SOBRE O T\u00d4NICO PODEROSO:<\/p>\n<p>N\u00f3s da Gold Spell CO criamos um t\u00f4nico poderoso para te ajudar no projeto cabel\u00e3o; isso mesmo, se voc\u00ea estava precisando de uma ajudinha para ter seu cabelo crescendo forte, r\u00e1pido e saud\u00e1vel t\u00e1 aqui a #receitinha poderosa! Nosso #t\u00f4nico poderoso \u00e9 composto por vitaminas essenciais que contribuem para o crescimento forte e saud\u00e1vel dos fios! O T\u00f4nico Poderoso tem o poder do extrato da cenoura combinado com o poderoso bioex e potencializado com a biotina! Resumindo, criamos o t\u00f4nico mais poderoso do mercado!<\/p>\n<p>O QUE MAIS VOC\u00ca PRECISA SABER:<br \/>\nNosso T\u00f4nico Poderoso foi desenvolvido a base de BIOEX: Associa\u00e7\u00e3o de extratos vegetais e princ\u00edpios ativos tradicionalmente utilizados na preven\u00e7\u00e3o e combate \u00e0 queda dos cabelos. Ajuda no crescimento de fios mais fortes e saud\u00e1veis.<\/p>\n<p>Al\u00e9m disso sua composi\u00e7\u00e3o tamb\u00e9m \u00e9 rica em BIOTINA: tamb\u00e9m conhecida por vitamina H ou vitamina B7, \u00e9 uma vitamina hidrossol\u00favel essencial para o bom funcionamento do corpo, j\u00e1 que est\u00e1 relacionada com a produ\u00e7\u00e3o de glicog\u00eanio e de prote\u00ednas, sendo importante para manter a sa\u00fade da pele e dos cabelos, garantir a energia nas c\u00e9lulas e manter a produ\u00e7\u00e3o de prote\u00ednas e adicionamos tamb\u00e9m o extrato de cenoura: A cenoura \u00e9 rica em vitaminas e antioxidantes, ou seja, ajuda a repor a \u00e1gua perdida dos fios, proporciona brilho as madeixas, faz uma limpeza suave no couro cabeludo, remove as impurezas e estimula o crescimento saud\u00e1vel.<\/p>\n<p>O T\u00d4NICO PODEROS FUNCIONA A BASE DE 3 ATIVOS:<\/p>\n<p>EXTRATO DE CENOURA<\/p>\n<p>A cenoura \u00e9 rica em vitaminas e antioxidantes, ou seja, ajuda a repor a \u00e1gua perdida dos fios, proporciona brilho as madeixas, faz uma limpeza suave no couro cabeludo, remove as impurezas e estimula o crescimento saud\u00e1vel.<\/p>\n<p>BIOTINA<\/p>\n<p>Entre os destaques dos benef\u00edcios para as madeixas est\u00e3o o est\u00edmulo do crescimento, a preven\u00e7\u00e3o do aparecimento de fios brancos, a recomposi\u00e7\u00e3o da espessura, o fortalecimento e o rejuvenescimento.<\/p>\n<p>BIOEX<\/p>\n<p>BIOEX CAPILAR \u00e9 um complexo que re\u00fane os princ\u00edpios ativos dos seguintes extratos: QUINA, CAPSICUM, P\u00d3LEN, ARNICA, URTIGA, PFAFFIA, GEMA DE OVO, GERME DE TRIGO, ACETYL METHIONINE.<\/p>\n<p>PARA QUEM \u00c9 INDICADO O T\u00d4NICO PODEROSO?<\/p>\n<p>Para todos os tipos de cabelos, principalmente para quem sofre com queda e tem dificuldades no crescimento capilar.<\/p>\n<p>USO SUGERIDO:<\/p>\n<p>Com os cabelos \u00famidos, aplique o t\u00f4nico poderoso diretamente no couro cabeludo e espalhe com as pontas dos dedos massageando. Deixe o produto at\u00e9 a pr\u00f3xima lavagem.<\/p>","protected":false},"excerpt":{"rendered":"<p>CRESCIMENTO ACELERADO, FORTE E SAUD\u00c1VEL! Seu cabelo est\u00e1 fraco? N\u00e3o cresce? Est\u00e1 caindo al\u00e9m do normal? Ent\u00e3o voc\u00ea precisa do T\u00f4nico Poderoso! Com ele voc\u00ea vai ter seu cabelo crescendo r\u00e1pido, forte e saud\u00e1vel! UM POUCO MAIS SOBRE O T\u00d4NICO PODEROSO: N\u00f3s da Gold Spell CO criamos um t\u00f4nico poderoso para te ajudar no projeto [&hellip;]<\/p>","protected":false},"featured_media":4166,"comment_status":"closed","ping_status":"closed","template":"","meta":[],"product_cat":[275],"product_tag":[],"class_list":{"0":"post-4136","1":"product","2":"type-product","3":"status-publish","4":"has-post-thumbnail","6":"product_cat-cuidado-pessoal","7":"product_brand-gold-spell","9":"first","10":"instock","11":"sale","12":"shipping-taxable","13":"purchasable","14":"product-type-simple"},"_links":{"self":[{"href":"https:\/\/teste.minasbrazil.store\/en\/wp-json\/wp\/v2\/product\/4136","targetHints":{"allow":["GET"]}}],"collection":[{"href":"https:\/\/teste.minasbrazil.store\/en\/wp-json\/wp\/v2\/product"}],"about":[{"href":"https:\/\/teste.minasbrazil.store\/en\/wp-json\/wp\/v2\/types\/product"}],"replies":[{"embeddable":true,"href":"https:\/\/teste.minasbrazil.store\/en\/wp-json\/wp\/v2\/comments?post=4136"}],"wp:featuredmedia":[{"embeddable":true,"href":"https:\/\/teste.minasbrazil.store\/en\/wp-json\/wp\/v2\/media\/4166"}],"wp:attachment":[{"href":"https:\/\/teste.minasbrazil.store\/en\/wp-json\/wp\/v2\/media?parent=4136"}],"wp:term":[{"taxonomy":"product_cat","embeddable":true,"href":"https:\/\/teste.minasbrazil.store\/en\/wp-json\/wp\/v2\/product_cat?post=4136"},{"taxonomy":"product_tag","embeddable":true,"href":"https:\/\/teste.minasbrazil.store\/en\/wp-json\/wp\/v2\/product_tag?post=4136"}],"curies":[{"name":"wp","href":"https:\/\/api.w.org\/{rel}","templated":true}]}}