{"id":4147,"date":"2024-12-30T15:12:07","date_gmt":"2024-12-30T18:12:07","guid":{"rendered":"https:\/\/teste.minasbrazil.store\/?post_type=product&#038;p=4147"},"modified":"2024-12-30T15:29:02","modified_gmt":"2024-12-30T18:29:02","slug":"tenys-pe-baruel-talco-antisseptico-baruel-original-100g","status":"publish","type":"product","link":"https:\/\/teste.minasbrazil.store\/en\/product\/tenys-pe-baruel-talco-antisseptico-baruel-original-100g\/","title":{"rendered":"Tenys P\u00e9 Baruel Talco Antiss\u00e9ptico Baruel Original 100g"},"content":{"rendered":"<p>Tenys Pe Baruel Talco Antiss\u00e9ptico Baruel Original 100g<\/p>","protected":false},"excerpt":{"rendered":"<p>Tenys Pe Baruel Talco Antiss\u00e9ptico Baruel Original 100g<\/p>","protected":false},"featured_media":4177,"comment_status":"closed","ping_status":"closed","template":"","meta":[],"product_cat":[275,288],"product_tag":[],"class_list":{"0":"post-4147","1":"product","2":"type-product","3":"status-publish","4":"has-post-thumbnail","6":"product_cat-cuidado-pessoal","7":"product_cat-talco","8":"product_brand-baruel","10":"first","11":"instock","12":"sale","13":"shipping-taxable","14":"purchasable","15":"product-type-variable"},"_links":{"self":[{"href":"https:\/\/teste.minasbrazil.store\/en\/wp-json\/wp\/v2\/product\/4147","targetHints":{"allow":["GET"]}}],"collection":[{"href":"https:\/\/teste.minasbrazil.store\/en\/wp-json\/wp\/v2\/product"}],"about":[{"href":"https:\/\/teste.minasbrazil.store\/en\/wp-json\/wp\/v2\/types\/product"}],"replies":[{"embeddable":true,"href":"https:\/\/teste.minasbrazil.store\/en\/wp-json\/wp\/v2\/comments?post=4147"}],"wp:featuredmedia":[{"embeddable":true,"href":"https:\/\/teste.minasbrazil.store\/en\/wp-json\/wp\/v2\/media\/4177"}],"wp:attachment":[{"href":"https:\/\/teste.minasbrazil.store\/en\/wp-json\/wp\/v2\/media?parent=4147"}],"wp:term":[{"taxonomy":"product_cat","embeddable":true,"href":"https:\/\/teste.minasbrazil.store\/en\/wp-json\/wp\/v2\/product_cat?post=4147"},{"taxonomy":"product_tag","embeddable":true,"href":"https:\/\/teste.minasbrazil.store\/en\/wp-json\/wp\/v2\/product_tag?post=4147"}],"curies":[{"name":"wp","href":"https:\/\/api.w.org\/{rel}","templated":true}]}}