{"id":4154,"date":"2024-12-30T15:12:08","date_gmt":"2024-12-30T18:12:08","guid":{"rendered":"https:\/\/teste.minasbrazil.store\/?post_type=product&#038;p=4154"},"modified":"2024-12-30T15:26:08","modified_gmt":"2024-12-30T18:26:08","slug":"shampoo-mamae-e-bebe-natura-200-ml","status":"publish","type":"product","link":"https:\/\/teste.minasbrazil.store\/en\/product\/shampoo-mamae-e-bebe-natura-200-ml\/","title":{"rendered":"Shampoo Mam\u00e2e e Beb\u00ea Natura &#8211; 200 ml"},"content":{"rendered":"<p>Shampoo Mam\u00e2e e Beb\u00ea 200 ml<\/p>","protected":false},"excerpt":{"rendered":"<p>Shampoo Mam\u00e2e e Beb\u00ea 200 ml<\/p>","protected":false},"featured_media":4202,"comment_status":"closed","ping_status":"closed","template":"","meta":[],"product_cat":[275,292],"product_tag":[],"class_list":{"0":"post-4154","1":"product","2":"type-product","3":"status-publish","4":"has-post-thumbnail","6":"product_cat-cuidado-pessoal","7":"product_cat-shampoo","8":"product_brand-natura","10":"first","11":"instock","12":"sale","13":"shipping-taxable","14":"purchasable","15":"product-type-simple"},"_links":{"self":[{"href":"https:\/\/teste.minasbrazil.store\/en\/wp-json\/wp\/v2\/product\/4154","targetHints":{"allow":["GET"]}}],"collection":[{"href":"https:\/\/teste.minasbrazil.store\/en\/wp-json\/wp\/v2\/product"}],"about":[{"href":"https:\/\/teste.minasbrazil.store\/en\/wp-json\/wp\/v2\/types\/product"}],"replies":[{"embeddable":true,"href":"https:\/\/teste.minasbrazil.store\/en\/wp-json\/wp\/v2\/comments?post=4154"}],"wp:featuredmedia":[{"embeddable":true,"href":"https:\/\/teste.minasbrazil.store\/en\/wp-json\/wp\/v2\/media\/4202"}],"wp:attachment":[{"href":"https:\/\/teste.minasbrazil.store\/en\/wp-json\/wp\/v2\/media?parent=4154"}],"wp:term":[{"taxonomy":"product_cat","embeddable":true,"href":"https:\/\/teste.minasbrazil.store\/en\/wp-json\/wp\/v2\/product_cat?post=4154"},{"taxonomy":"product_tag","embeddable":true,"href":"https:\/\/teste.minasbrazil.store\/en\/wp-json\/wp\/v2\/product_tag?post=4154"}],"curies":[{"name":"wp","href":"https:\/\/api.w.org\/{rel}","templated":true}]}}