{"id":4158,"date":"2024-12-30T15:12:09","date_gmt":"2024-12-30T18:12:09","guid":{"rendered":"https:\/\/teste.minasbrazil.store\/?post_type=product&#038;p=4158"},"modified":"2024-12-30T15:12:36","modified_gmt":"2024-12-30T18:12:36","slug":"eudora-siage-hidratacao-micelar-shampoo-250ml","status":"publish","type":"product","link":"https:\/\/teste.minasbrazil.store\/en\/product\/eudora-siage-hidratacao-micelar-shampoo-250ml\/","title":{"rendered":"Eudora Si\u00e0ge Hidrata\u00e7\u00e3o Micelar Shampoo 250ml"},"content":{"rendered":"<p>Eudora Si\u00e0ge Hidrata\u00e7\u00e3o Micelar Shampoo 250ml<\/p>","protected":false},"excerpt":{"rendered":"<p>Eudora Si\u00e0ge Hidrata\u00e7\u00e3o Micelar Shampoo 250ml<\/p>","protected":false},"featured_media":4206,"comment_status":"closed","ping_status":"closed","template":"","meta":[],"product_cat":[275,292],"product_tag":[],"class_list":{"0":"post-4158","1":"product","2":"type-product","3":"status-publish","4":"has-post-thumbnail","6":"product_cat-cuidado-pessoal","7":"product_cat-shampoo","8":"product_brand-siage","10":"first","11":"instock","12":"sale","13":"shipping-taxable","14":"purchasable","15":"product-type-simple"},"_links":{"self":[{"href":"https:\/\/teste.minasbrazil.store\/en\/wp-json\/wp\/v2\/product\/4158","targetHints":{"allow":["GET"]}}],"collection":[{"href":"https:\/\/teste.minasbrazil.store\/en\/wp-json\/wp\/v2\/product"}],"about":[{"href":"https:\/\/teste.minasbrazil.store\/en\/wp-json\/wp\/v2\/types\/product"}],"replies":[{"embeddable":true,"href":"https:\/\/teste.minasbrazil.store\/en\/wp-json\/wp\/v2\/comments?post=4158"}],"wp:featuredmedia":[{"embeddable":true,"href":"https:\/\/teste.minasbrazil.store\/en\/wp-json\/wp\/v2\/media\/4206"}],"wp:attachment":[{"href":"https:\/\/teste.minasbrazil.store\/en\/wp-json\/wp\/v2\/media?parent=4158"}],"wp:term":[{"taxonomy":"product_cat","embeddable":true,"href":"https:\/\/teste.minasbrazil.store\/en\/wp-json\/wp\/v2\/product_cat?post=4158"},{"taxonomy":"product_tag","embeddable":true,"href":"https:\/\/teste.minasbrazil.store\/en\/wp-json\/wp\/v2\/product_tag?post=4158"}],"curies":[{"name":"wp","href":"https:\/\/api.w.org\/{rel}","templated":true}]}}