{"id":4233,"date":"2024-12-30T15:12:54","date_gmt":"2024-12-30T18:12:54","guid":{"rendered":"https:\/\/teste.minasbrazil.store\/?post_type=product&#038;p=4233"},"modified":"2024-12-30T15:19:49","modified_gmt":"2024-12-30T18:19:49","slug":"mascara-skala-brasil-1kg-classicos-chocolate","status":"publish","type":"product","link":"https:\/\/teste.minasbrazil.store\/en\/product\/mascara-skala-brasil-1kg-classicos-chocolate\/","title":{"rendered":"M\u00e1scara Skala Brasil 1KG Cl\u00e1ssicos Chocolate"},"content":{"rendered":"<p>Informa\u00e7\u00f5es sobre o produto ou embalagem apresentada pode n\u00e3o ser atual ou completo. Sempre consulte o produto f\u00edsico para as informa\u00e7\u00f5es mais precisas e avisos. Para obter informa\u00e7\u00f5es adicionais, entre em contato com o revendedor ou fabricante.<\/p>","protected":false},"excerpt":{"rendered":"<p>Informa\u00e7\u00f5es sobre o produto ou embalagem apresentada pode n\u00e3o ser atual ou completo. Sempre consulte o produto f\u00edsico para as informa\u00e7\u00f5es mais precisas e avisos. Para obter informa\u00e7\u00f5es adicionais, entre em contato com o revendedor ou fabricante.<\/p>","protected":false},"featured_media":4262,"comment_status":"closed","ping_status":"closed","template":"","meta":[],"product_cat":[275],"product_tag":[],"class_list":{"0":"post-4233","1":"product","2":"type-product","3":"status-publish","4":"has-post-thumbnail","6":"product_cat-cuidado-pessoal","7":"product_brand-skala","9":"first","10":"instock","11":"sale","12":"shipping-taxable","13":"purchasable","14":"product-type-simple"},"_links":{"self":[{"href":"https:\/\/teste.minasbrazil.store\/en\/wp-json\/wp\/v2\/product\/4233","targetHints":{"allow":["GET"]}}],"collection":[{"href":"https:\/\/teste.minasbrazil.store\/en\/wp-json\/wp\/v2\/product"}],"about":[{"href":"https:\/\/teste.minasbrazil.store\/en\/wp-json\/wp\/v2\/types\/product"}],"replies":[{"embeddable":true,"href":"https:\/\/teste.minasbrazil.store\/en\/wp-json\/wp\/v2\/comments?post=4233"}],"wp:featuredmedia":[{"embeddable":true,"href":"https:\/\/teste.minasbrazil.store\/en\/wp-json\/wp\/v2\/media\/4262"}],"wp:attachment":[{"href":"https:\/\/teste.minasbrazil.store\/en\/wp-json\/wp\/v2\/media?parent=4233"}],"wp:term":[{"taxonomy":"product_cat","embeddable":true,"href":"https:\/\/teste.minasbrazil.store\/en\/wp-json\/wp\/v2\/product_cat?post=4233"},{"taxonomy":"product_tag","embeddable":true,"href":"https:\/\/teste.minasbrazil.store\/en\/wp-json\/wp\/v2\/product_tag?post=4233"}],"curies":[{"name":"wp","href":"https:\/\/api.w.org\/{rel}","templated":true}]}}