{"id":4271,"date":"2024-12-30T15:13:18","date_gmt":"2024-12-30T18:13:18","guid":{"rendered":"https:\/\/teste.minasbrazil.store\/?post_type=product&#038;p=4271"},"modified":"2024-12-30T15:18:55","modified_gmt":"2024-12-30T18:18:55","slug":"kit-shampoo-e-condicionador-maracuja-e-oleo-de-pataua","status":"publish","type":"product","link":"https:\/\/teste.minasbrazil.store\/en\/product\/kit-shampoo-e-condicionador-maracuja-e-oleo-de-pataua\/","title":{"rendered":"Kit Shampoo e Condicionador Maracuj\u00e1 e \u00d3leo de Patau\u00e1"},"content":{"rendered":"<p><strong>Shampoo<\/strong><\/p>\n<p>A Linha Skala Brasil Nutri\u00e7\u00e3o Amaz\u00f4nica Maracuj\u00e1 e \u00d3leo de Patau\u00e1 acelera o crescimento dos fios dando for\u00e7a e resist\u00eancia. O \u00d3leo de Patau\u00e1 conhecido como o Azeite Amaz\u00f4nico \u00e9 um fruto que contribui para o crescimento acelerado dos fios.<\/p>\n<p>Etapa do Cronograma: a fam\u00edlia Maracuj\u00e1 e \u00d3leo de Patau\u00e1 se enquadra nas fases de Nutri\u00e7\u00e3o e Reconstru\u00e7\u00e3o, uma linha Nutri Reconstrutora. Nutri\u00e7\u00e3o: para fios ressecados com pontas secas. Essa etapa devolve os lip\u00eddios, dando movimento e alinhamento aos fios. Reconstru\u00e7\u00e3o: para fios danificados, emborrachados e quebradi\u00e7os. Essa etapa devolve os amino\u00e1cidos dando for\u00e7a e resist\u00eancia.<\/p>\n<p>&nbsp;<\/p>\n<p><strong>Condicionador<\/strong><\/p>\n<p>Sem sulfato, parabenos, petrolato, silicones e \u00f3leo mineral<br \/>\nA Linha Skala Brasil Nutri\u00e7\u00e3o Amaz\u00f4nica Maracuj\u00e1 e \u00d3leo de Patau\u00e1 acelera o crescimento dos fios dando for\u00e7a e resist\u00eancia. O \u00d3leo de Patau\u00e1 conhecido como o Azeite Amaz\u00f4nico \u00e9 um fruto que contribui para o crescimento acelerado dos fios.<\/p>\n<p>Etapa do Cronograma: a fam\u00edlia Maracuj\u00e1 e \u00d3leo de Patau\u00e1 se enquadra nas fases de Nutri\u00e7\u00e3o e Reconstru\u00e7\u00e3o, uma linha Nutri Reconstrutora. Nutri\u00e7\u00e3o: para fios ressecados com pontas secas. Essa etapa devolve os lip\u00eddios, dando movimento e alinhamento aos fios. Reconstru\u00e7\u00e3o: para fios danificados, emborrachados e quebradi\u00e7os. Essa etapa devolve os amino\u00e1cidos dando for\u00e7a e resist\u00eancia.<\/p>","protected":false},"excerpt":{"rendered":"<p>Shampoo A Linha Skala Brasil Nutri\u00e7\u00e3o Amaz\u00f4nica Maracuj\u00e1 e \u00d3leo de Patau\u00e1 acelera o crescimento dos fios dando for\u00e7a e resist\u00eancia. O \u00d3leo de Patau\u00e1 conhecido como o Azeite Amaz\u00f4nico \u00e9 um fruto que contribui para o crescimento acelerado dos fios. Etapa do Cronograma: a fam\u00edlia Maracuj\u00e1 e \u00d3leo de Patau\u00e1 se enquadra nas fases [&hellip;]<\/p>","protected":false},"featured_media":4292,"comment_status":"closed","ping_status":"closed","template":"","meta":[],"product_cat":[296,275,292],"product_tag":[],"class_list":{"0":"post-4271","1":"product","2":"type-product","3":"status-publish","4":"has-post-thumbnail","6":"product_cat-condicionador","7":"product_cat-cuidado-pessoal","8":"product_cat-shampoo","9":"product_brand-skala","11":"first","12":"instock","13":"sale","14":"shipping-taxable","15":"purchasable","16":"product-type-simple"},"_links":{"self":[{"href":"https:\/\/teste.minasbrazil.store\/en\/wp-json\/wp\/v2\/product\/4271","targetHints":{"allow":["GET"]}}],"collection":[{"href":"https:\/\/teste.minasbrazil.store\/en\/wp-json\/wp\/v2\/product"}],"about":[{"href":"https:\/\/teste.minasbrazil.store\/en\/wp-json\/wp\/v2\/types\/product"}],"replies":[{"embeddable":true,"href":"https:\/\/teste.minasbrazil.store\/en\/wp-json\/wp\/v2\/comments?post=4271"}],"wp:featuredmedia":[{"embeddable":true,"href":"https:\/\/teste.minasbrazil.store\/en\/wp-json\/wp\/v2\/media\/4292"}],"wp:attachment":[{"href":"https:\/\/teste.minasbrazil.store\/en\/wp-json\/wp\/v2\/media?parent=4271"}],"wp:term":[{"taxonomy":"product_cat","embeddable":true,"href":"https:\/\/teste.minasbrazil.store\/en\/wp-json\/wp\/v2\/product_cat?post=4271"},{"taxonomy":"product_tag","embeddable":true,"href":"https:\/\/teste.minasbrazil.store\/en\/wp-json\/wp\/v2\/product_tag?post=4271"}],"curies":[{"name":"wp","href":"https:\/\/api.w.org\/{rel}","templated":true}]}}