{"id":4274,"date":"2024-12-30T15:13:18","date_gmt":"2024-12-30T18:13:18","guid":{"rendered":"https:\/\/teste.minasbrazil.store\/?post_type=product&#038;p=4274"},"modified":"2024-12-30T15:18:39","modified_gmt":"2024-12-30T18:18:39","slug":"biblia-pastoral-original","status":"publish","type":"product","link":"https:\/\/teste.minasbrazil.store\/en\/product\/biblia-pastoral-original\/","title":{"rendered":"B\u00edblia Pastoral Original"},"content":{"rendered":"<p>A B\u00edblia Pastoral surge 24 anos ap\u00f3s a publica\u00e7\u00e3o da B\u00edblia Sagrada &#8211; Edi\u00e7\u00e3o Pastoral, e com a mesma orienta\u00e7\u00e3o, linguagem simples e tradu\u00e7\u00e3o a partir das l\u00ednguas originais; traz os avan\u00e7os no campo da anima\u00e7\u00e3o b\u00edblica e atualiza\u00e7\u00e3o dos estudos das \u00faltimas d\u00e9cadas.<\/p>","protected":false},"excerpt":{"rendered":"<p>A B\u00edblia Pastoral surge 24 anos ap\u00f3s a publica\u00e7\u00e3o da B\u00edblia Sagrada &#8211; Edi\u00e7\u00e3o Pastoral, e com a mesma orienta\u00e7\u00e3o, linguagem simples e tradu\u00e7\u00e3o a partir das l\u00ednguas originais; traz os avan\u00e7os no campo da anima\u00e7\u00e3o b\u00edblica e atualiza\u00e7\u00e3o dos estudos das \u00faltimas d\u00e9cadas.<\/p>","protected":false},"featured_media":4295,"comment_status":"closed","ping_status":"closed","template":"","meta":[],"product_cat":[336,315],"product_tag":[],"class_list":{"0":"post-4274","1":"product","2":"type-product","3":"status-publish","4":"has-post-thumbnail","6":"product_cat-biblia","7":"product_cat-livros","9":"first","10":"instock","11":"sale","12":"shipping-taxable","13":"purchasable","14":"product-type-simple"},"_links":{"self":[{"href":"https:\/\/teste.minasbrazil.store\/en\/wp-json\/wp\/v2\/product\/4274","targetHints":{"allow":["GET"]}}],"collection":[{"href":"https:\/\/teste.minasbrazil.store\/en\/wp-json\/wp\/v2\/product"}],"about":[{"href":"https:\/\/teste.minasbrazil.store\/en\/wp-json\/wp\/v2\/types\/product"}],"replies":[{"embeddable":true,"href":"https:\/\/teste.minasbrazil.store\/en\/wp-json\/wp\/v2\/comments?post=4274"}],"wp:featuredmedia":[{"embeddable":true,"href":"https:\/\/teste.minasbrazil.store\/en\/wp-json\/wp\/v2\/media\/4295"}],"wp:attachment":[{"href":"https:\/\/teste.minasbrazil.store\/en\/wp-json\/wp\/v2\/media?parent=4274"}],"wp:term":[{"taxonomy":"product_cat","embeddable":true,"href":"https:\/\/teste.minasbrazil.store\/en\/wp-json\/wp\/v2\/product_cat?post=4274"},{"taxonomy":"product_tag","embeddable":true,"href":"https:\/\/teste.minasbrazil.store\/en\/wp-json\/wp\/v2\/product_tag?post=4274"}],"curies":[{"name":"wp","href":"https:\/\/api.w.org\/{rel}","templated":true}]}}