{"id":4281,"date":"2024-12-30T15:13:19","date_gmt":"2024-12-30T18:13:19","guid":{"rendered":"https:\/\/teste.minasbrazil.store\/?post_type=product&#038;p=4281"},"modified":"2024-12-30T15:17:33","modified_gmt":"2024-12-30T18:17:33","slug":"madrugada-cha-de-hortela-10g-10-saquinhos","status":"publish","type":"product","link":"https:\/\/teste.minasbrazil.store\/en\/product\/madrugada-cha-de-hortela-10g-10-saquinhos\/","title":{"rendered":"Madrugada Ch\u00e1 de Hortel\u00e3 10g (10 saquinhos)"},"content":{"rendered":"<h1>Madrugada Ch\u00e1 de Hortel\u00e3 10g (10 saquinhos)<\/h1>","protected":false},"excerpt":{"rendered":"<p>Madrugada Ch\u00e1 de Hortel\u00e3 10g (10 saquinhos)<\/p>","protected":false},"featured_media":4301,"comment_status":"closed","ping_status":"closed","template":"","meta":[],"product_cat":[279,341],"product_tag":[],"class_list":{"0":"post-4281","1":"product","2":"type-product","3":"status-publish","4":"has-post-thumbnail","6":"product_cat-alimentos","7":"product_cat-cha","8":"product_brand-madrugada","10":"first","11":"instock","12":"sale","13":"shipping-taxable","14":"purchasable","15":"product-type-simple"},"_links":{"self":[{"href":"https:\/\/teste.minasbrazil.store\/en\/wp-json\/wp\/v2\/product\/4281","targetHints":{"allow":["GET"]}}],"collection":[{"href":"https:\/\/teste.minasbrazil.store\/en\/wp-json\/wp\/v2\/product"}],"about":[{"href":"https:\/\/teste.minasbrazil.store\/en\/wp-json\/wp\/v2\/types\/product"}],"replies":[{"embeddable":true,"href":"https:\/\/teste.minasbrazil.store\/en\/wp-json\/wp\/v2\/comments?post=4281"}],"wp:featuredmedia":[{"embeddable":true,"href":"https:\/\/teste.minasbrazil.store\/en\/wp-json\/wp\/v2\/media\/4301"}],"wp:attachment":[{"href":"https:\/\/teste.minasbrazil.store\/en\/wp-json\/wp\/v2\/media?parent=4281"}],"wp:term":[{"taxonomy":"product_cat","embeddable":true,"href":"https:\/\/teste.minasbrazil.store\/en\/wp-json\/wp\/v2\/product_cat?post=4281"},{"taxonomy":"product_tag","embeddable":true,"href":"https:\/\/teste.minasbrazil.store\/en\/wp-json\/wp\/v2\/product_tag?post=4281"}],"curies":[{"name":"wp","href":"https:\/\/api.w.org\/{rel}","templated":true}]}}