{"id":4282,"date":"2024-12-30T15:13:19","date_gmt":"2024-12-30T18:13:19","guid":{"rendered":"https:\/\/teste.minasbrazil.store\/?post_type=product&#038;p=4282"},"modified":"2024-12-30T15:17:06","modified_gmt":"2024-12-30T18:17:06","slug":"polvilho-antisseptico-granado-100g","status":"publish","type":"product","link":"https:\/\/teste.minasbrazil.store\/en\/product\/polvilho-antisseptico-granado-100g\/","title":{"rendered":"Polvilho Antiss\u00e9ptico Granado 100g"},"content":{"rendered":"<p>Produto de uso exclusivo em adultos.<\/p>\n<p>Combate assaduras, brotoejas e os odores da transpira\u00e7\u00e3o dos p\u00e9s e axilas. Previnem pruridos e frieiras. Clinicamente testado. O uso em crian\u00e7as representa risco \u00e8 sa\u00fade. N\u00e3o poder\u00e1 ser aplicado em grandes \u00e1reas do corpo, quando existirem les\u00f5es de qualquer tipo, feridas ou queimaduras. Informe ao m\u00e9dico o aparecimento de rea\u00e7\u00f5es indesej\u00e1veis. Informe ao seu m\u00e9dico se voc\u00ea est\u00e1 fazendo uso de algum outro medicamento. Uso na gravidez: Este medicamento n\u00e3o deve ser utilizado por mulheres gr\u00e1vidas sem orienta\u00e7\u00e3o m\u00e9dica.<\/p>\n<p><strong>Modo de usar e posologia:<\/strong><br \/>\nPolvilhar as partes afetadas 3 a 5 vezes ao dia.<\/p>","protected":false},"excerpt":{"rendered":"<p>Produto de uso exclusivo em adultos. Combate assaduras, brotoejas e os odores da transpira\u00e7\u00e3o dos p\u00e9s e axilas. Previnem pruridos e frieiras. Clinicamente testado. O uso em crian\u00e7as representa risco \u00e8 sa\u00fade. N\u00e3o poder\u00e1 ser aplicado em grandes \u00e1reas do corpo, quando existirem les\u00f5es de qualquer tipo, feridas ou queimaduras. Informe ao m\u00e9dico o aparecimento [&hellip;]<\/p>","protected":false},"featured_media":4302,"comment_status":"closed","ping_status":"closed","template":"","meta":[],"product_cat":[275],"product_tag":[],"class_list":{"0":"post-4282","1":"product","2":"type-product","3":"status-publish","4":"has-post-thumbnail","6":"product_cat-cuidado-pessoal","7":"product_brand-granado","9":"first","10":"instock","11":"sale","12":"shipping-taxable","13":"purchasable","14":"product-type-simple"},"_links":{"self":[{"href":"https:\/\/teste.minasbrazil.store\/en\/wp-json\/wp\/v2\/product\/4282","targetHints":{"allow":["GET"]}}],"collection":[{"href":"https:\/\/teste.minasbrazil.store\/en\/wp-json\/wp\/v2\/product"}],"about":[{"href":"https:\/\/teste.minasbrazil.store\/en\/wp-json\/wp\/v2\/types\/product"}],"replies":[{"embeddable":true,"href":"https:\/\/teste.minasbrazil.store\/en\/wp-json\/wp\/v2\/comments?post=4282"}],"wp:featuredmedia":[{"embeddable":true,"href":"https:\/\/teste.minasbrazil.store\/en\/wp-json\/wp\/v2\/media\/4302"}],"wp:attachment":[{"href":"https:\/\/teste.minasbrazil.store\/en\/wp-json\/wp\/v2\/media?parent=4282"}],"wp:term":[{"taxonomy":"product_cat","embeddable":true,"href":"https:\/\/teste.minasbrazil.store\/en\/wp-json\/wp\/v2\/product_cat?post=4282"},{"taxonomy":"product_tag","embeddable":true,"href":"https:\/\/teste.minasbrazil.store\/en\/wp-json\/wp\/v2\/product_tag?post=4282"}],"curies":[{"name":"wp","href":"https:\/\/api.w.org\/{rel}","templated":true}]}}